{"id":26490,"date":"2023-05-25T18:21:47","date_gmt":"2023-05-25T16:21:47","guid":{"rendered":"https:\/\/nicola.intargetfactory.net\/nikblog\/?page_id=26490"},"modified":"2023-06-19T09:33:53","modified_gmt":"2023-06-19T07:33:53","slug":"termini-condizioni-duso","status":"publish","type":"page","link":"https:\/\/nicola.intargetfactory.net\/nikblog\/it\/termini-condizioni-duso\/","title":{"rendered":"Termini &#038; Condizioni d&#8217;uso"},"content":{"rendered":"<p>Il partner contrattuale e utilizzatore di questi Termini e Condizioni \u00e8 Nicola Tanzini.<\/p>\n<p>Tel:<\/p>\n<p>E-Mail: <a href=\"mailto:shop@nicolatanzini.com\">shop@nicolatanzini.com<\/a><\/p>\n<p>I nostri termini e condizioni sono stati redatti per regolare il rapporto commerciale tra voi e noi e sono intesi come vincolanti ed equi. La base di qualsiasi ordine o contratto sar\u00e0 quindi sempre costituita dai presenti Termini e Condizioni d\u2019Uso, e l&#8217;utente riconosce e conferma di esserne a conoscenza e di accettarne l&#8217;applicazione quando effettua un ordine presso di noi.<\/p>\n<p><strong>Art. 1\u00a0<\/strong><\/p>\n<p>Le seguenti condizioni generali di contratto, nella loro versione pi\u00f9 aggiornata al momento dell&#8217;ordine, regolano esclusivamente i rapporti commerciali tra Nicola Tanzini, che agisce con il marchio (nel seguito Street Diaries ), e l&#8217;ordinante. Nicola Tanzini non riconoscer\u00e0 alcuna deroga e\/o condizioni diverse stabilite dall&#8217;ordinante, a meno che tali condizioni non siano state espressamente concordate per iscritto da entrambi i contraenti.<\/p>\n<p><strong>Art. 2<\/strong><\/p>\n<p>L&#8217;esposizione dei prodotti nel negozio online non costituisce un&#8217;offerta giuridicamente vincolante, ma solo un catalogo online non vincolante. I prodotti selezionati premendo il pulsante &#8220;Aggiungi al carrello&#8221; vengono riepilogati per voi in una panoramica dell&#8217;ordine al termine della procedura d&#8217;ordine. Qui potete rivedere le varie informazioni fornite durante il processo d&#8217;ordine e aggiungerle o correggerle facendo clic sul pulsante &#8220;Modifica&#8221;. Facendo clic sul pulsante &#8220;Acquista ora&#8221;, inviate i dati dell&#8217;ordine e dichiarate in modo vincolante di voler acquistare i prodotti elencati (offerta) e di sottoscrivere i presenti Termini e Condizioni d\u2019uso con espressa inclusione della ulteriore accettazione ai sensi degli artt. 1341 e 1342 delle specifiche clausole infra indicate. L&#8217;offerta viene accettata automaticamente al ricevimento dell&#8217;ordine. Subito dopo l&#8217;invio dell&#8217;ordine, riceverete un&#8217;e-mail con la conferma dell&#8217;ordine e il contratto, in cui sono elencati nuovamente i dettagli dell&#8217;ordine. Il testo dell&#8217;ordine viene da noi salvato e, su richiesta, pu\u00f2 essere inviato al cliente dopo il completamento dell&#8217;ordine. Per la vostra tutela, vi consigliamo di stampare i dettagli dell&#8217;ordine e le Condizioni Generali di Contratto applicabili al momento dell&#8217;ordine. La lingua del contratto \u00e8 l\u2019italiano. Si prega di notare che vendiamo tutti i prodotti solo in piccole quantit\u00e0.<\/p>\n<p><strong>Art. 3<\/strong><\/p>\n<p>Si prega di notare che le opere d&#8217;arte o i libri con autografo\/montaggio\/incorniciatura <strong>personalizzata<\/strong> (&#8220;selezionare una presentazione personalizzata&#8221;) e le stampe fotografiche non montate\/non incorniciate sono escluse dal diritto di cancellazione\/recesso, in quanto prodotte su misura in base alle vostre specifiche individuali.<\/p>\n<p>Per tutti gli ordini online di opere <strong>standard<\/strong> (nella presentazione specificata da Street Diaries, il cliente ha il seguente diritto di recesso:<\/p>\n<p>Diritto di cancellazione previsto dalla legge:<\/p>\n<ul>\n<li>Informazioni sulla cancellazione<\/li>\n<li>Diritto di recesso<\/li>\n<\/ul>\n<p>Il cliente ha il diritto di annullare il presente contratto senza motivo entro 14 giorni.<\/p>\n<p>La durata del diritto di recesso \u00e8 di 14 giorni a partire da:<\/p>\n<ol>\n<li>A) Il giorno in cui il cliente &#8211; o un terzo da lui nominato che non sia il servizio di spedizione &#8211; prende in consegna la merce, se ha ordinato un articolo o pi\u00f9 articoli in un unico ordine, e l&#8217;articolo o gli articoli arrivano in un&#8217;unica consegna o<\/li>\n<li>B) Il giorno in cui il cliente, o un terzo da lui nominato che non sia il servizio di spedizione, prende in consegna la merce finale nel caso in cui pi\u00f9 articoli di un singolo ordine vengano spediti separatamente.<\/li>\n<\/ol>\n<p>Per esercitare il <strong>diritto di recesso<\/strong>, \u00e8 necessario informare la societ\u00e0 (Nicola Tanzini , Tel: , Email: <a href=\"mailto:shop@nicolatanzini.com\">shop@nicolatanzini.com<\/a>) della propria decisione di recedere con una chiara <strong>dichiarazione scritta<\/strong> (ad esempio, tramite lettera o e-mail).<\/p>\n<p>Il termine per l&#8217;esercizio del diritto di recesso sar\u00e0 rispettato a condizione che la dichiarazione di esercizio del diritto di recesso sia inviata entro il periodo di recesso previsto.<\/p>\n<p><strong>Termini e procedura di cancellazione\u00a0<\/strong><\/p>\n<p>In caso di annullamento del contratto di vendita, vi rimborseremo tempestivamente tutti i pagamenti ricevuti, compresi i costi di spedizione (ad eccezione dei costi aggiuntivi derivanti dalla scelta di un tipo di consegna diverso dalla spedizione standard ed economica che offriamo), al pi\u00f9 tardi entro 30 giorni dal ricevimento della dichiarazione di annullamento. I rimborsi verranno accreditati sul metodo di pagamento originale, a meno che non sia stato espressamente concordato diversamente. Possiamo trattenere il rimborso fino a quando non avremo ricevuto la merce restituita. La merce deve essere rispedita senza indugio nell&#8217;imballaggio originale. Al pi\u00f9 tardi, la merce deve essere inviata entro 30 giorni dal giorno in cui ci avete informato del recesso. Questo termine \u00e8 rispettato se la spedizione di ritorno viene inviata entro i 30 giorni previsti.<\/p>\n<p>Le spese di spedizione per la restituzione dell&#8217;ordine sono a carico del cliente. In genere, la merce non pu\u00f2 essere restituita tramite posta ordinaria. Si prega di contattare il nostro Servizio Clienti per ulteriori informazioni.<\/p>\n<p>Il cliente \u00e8 responsabile della diminuzione del valore della merce solo se, dopo averne verificato lo stato, le propriet\u00e0 e la funzionalit\u00e0, la diminuzione del valore pu\u00f2 essere ricondotta alla manipolazione impropria della merce.<\/p>\n<p><strong>Art. 4\u00a0<\/strong><\/p>\n<p>Se non diversamente concordato, la consegna avverr\u00e0 franco magazzino al vostro indirizzo o all&#8217;indirizzo di consegna da voi indicato. I tempi di consegna sono di circa 14 giorni lavorativi.<\/p>\n<p><strong>Art. 5<\/strong><\/p>\n<p>Per motivi organizzativi, il committente pu\u00f2 inviare al cliente il certificato di edizione con la firma dell&#8217;artista e i dettagli dell&#8217;edizione anche separatamente &#8211; e con un certo ritardo. In questo caso, il termine di recesso decorre solo dopo il ricevimento del Certificato di edizione con firma. Se si esercita il diritto di recesso, \u00e8 necessario restituire immediatamente anche il Certificato di edizione non utilizzato. Il prezzo di acquisto non sar\u00e0 rimborsato senza il ricevimento del Certificato di edizione. Il diritto di recesso decade se il Certificato di edizione viene utilizzato sull&#8217;opera d&#8217;arte, sulla cornice, sulla laminazione o altrove.<\/p>\n<p><strong>Art. 6\u00a0<\/strong><\/p>\n<p>I prezzi indicati nel negozio online sono prezzi finali comprensivi di tasse di vendita. Le spese di spedizione non sono incluse nel prezzo e vengono aggiunte di volta in volta. Le informazioni sulle spese di spedizione sono contenute nella sezione 7 dei presenti Termini e Condizioni.<\/p>\n<p>Il prezzo di acquisto viene pagato con carta di credito. Si prega di notare che l&#8217;addebito diretto \u00e8 possibile solo con un conto bancario tedesco. \u00c8 possibile pagare tramite PayPal o carta di credito (Visa, Mastercard, American Express).<\/p>\n<p><strong>Art. 7<\/strong><\/p>\n<p>Per le consegne in UE, UK e US, Nicola Tanzini applica le seguenti tariffe di spedizione, che includono:<\/p>\n<table>\n<thead>\n<tr>\n<th><strong>Paese<\/strong><\/th>\n<th><strong>Articoli<\/strong><\/th>\n<th><strong>Spedizione Assicurata<\/strong><\/th>\n<\/tr>\n<\/thead>\n<tbody>\n<tr>\n<td>IT<\/td>\n<td>Libro e stampa<\/td>\n<td>\u20ac 11,70<\/td>\n<\/tr>\n<tr>\n<td>EU<\/td>\n<td>Libro e stampa<\/td>\n<td>\u20ac 19,00<\/td>\n<\/tr>\n<tr>\n<td>UK<\/td>\n<td>Libro e stampa<\/td>\n<td>\u20ac 23,00<\/td>\n<\/tr>\n<tr>\n<td>US<\/td>\n<td>Libro e stampa<\/td>\n<td>\u20ac 57,46<\/td>\n<\/tr>\n<\/tbody>\n<\/table>\n<p>Al momento dell&#8217;ordine online, si prega di selezionare il Paese di destinazione della spedizione desiderata; verranno quindi visualizzati i costi di spedizione corretti.<\/p>\n<p>Gli ordini con articoli di dimensioni diverse saranno spediti alla tariffa dell&#8217;immagine pi\u00f9 grande dell&#8217;ordine. La spedizione dei libri \u00e8 gratuita. Se, per motivi logistici, Nicola Tanzini divide l&#8217;ordine in pi\u00f9 spedizioni, non dovr\u00e0 sostenere costi aggiuntivi per questo.<\/p>\n<p>Per le consegne al di fuori dell&#8217;UE, del Regno Unito e degli Stati Uniti, contattare <a href=\"mailto:shop@nicolatanzini.com\">shop@nicolatanzini.com<\/a> per concordare le condizioni di spedizione personali.<\/p>\n<p><strong>Art. 8<\/strong><strong><br \/>\n<\/strong>Fino al pagamento completo e definitivo, la merce consegnata rimane di propriet\u00e0 di Nicola Tanzini.<\/p>\n<p><strong>Art. 9\u00a0<\/strong><\/p>\n<p>In caso di caso fortuito o di forza maggiore, Nicola Tanzini non sar\u00e0 in alcun modo responsabile della mancata o difettosa erogazione del servizio, n\u00e9 sar\u00e0 responsabile di eventuali perdite, danni o pregiudizi derivanti al Cliente, siano essi diretti o indiretti, prevedibili o imprevedibili, tra cui, a titolo esemplificativo e non esaustivo, perdite economiche\/finanziarie, di affari, di ricavi, di profitto e\/o di avviamento commerciale.<\/p>\n<p>I casi di forza maggiore sono eventi al di fuori del ragionevole controllo di Nicola Tanzini quali, a titolo esemplificativo e non esaustivo, disastri naturali, fulmini, incendi, esplosioni, sommosse, guerre;<\/p>\n<p>In nessun caso Nicola Tanzini o un suo funzionario, direttore, socio, agente o dipendente sar\u00e0 responsabile in caso di perdite o danni diretti o indiretti derivanti direttamente o indirettamente o relativi all&#8217;utilizzo da parte del Cliente dei servizi di Street Diaries, salvo i casi di dolo o colpa grave.<\/p>\n<p><strong>Art. 10<\/strong><\/p>\n<p>Se non espressamente concordato diversamente, si applicano i diritti di garanzia previsti dalla legge.<\/p>\n<p>Si applica il periodo di garanzia legale di due anni. Esso decorre dalla consegna della merce. Durante questo periodo, tutti i difetti soggetti agli obblighi di garanzia previsti dalla legge devono essere eliminati gratuitamente.<\/p>\n<p>Se l&#8217;ordinante \u00e8 una persona giuridica non si applica il Codice del Consumo, ma il Codice Civile. Se un difetto viene scoperto durante l&#8217;ispezione o successivamente, dobbiamo esserne informati immediatamente. Immediato in questo caso \u00e8 se ci avvisate entro due settimane; l&#8217;invio tempestivo della notifica \u00e8 sufficiente per rispettare il termine. Indipendentemente da questo obbligo di ispezione e reclamo, dovete segnalare per iscritto i difetti evidenti (comprese le consegne errate o brevi) entro due settimane dalla consegna; l&#8217;invio tempestivo della notifica \u00e8 sufficiente per rispettare il termine. Se il cliente non esegue un&#8217;ispezione adeguata e\/o non ci comunica il difetto, la nostra responsabilit\u00e0 per il difetto non denunciato \u00e8 esclusa.<\/p>\n<p><strong>Art. 11<\/strong><\/p>\n<p>Con l&#8217;acquisto di una stampa fotografica si acquisisce solo la propriet\u00e0 materiale della stampa. Nessun altro diritto \u00e8 concesso o implicito. La riproduzione (copia), la diffusione, il leasing, l&#8217;esposizione al pubblico o qualsiasi altro utilizzo analogico o digitale non sono consentiti se non autorizzati dalla legge. Tuttavia, \u00e8 possibile rivendere la stampa.<\/p>\n<p><strong>Art. 12<\/strong><\/p>\n<p>Tutte le disposizioni relative alla protezione dei vostri dati sono riportate nell&#8217;informativa sulla privacy di Street Diaries.<\/p>\n<p><strong>Art. 13<\/strong><\/p>\n<p>Al presente contratto si applica il diritto italiano. Foro esclusivo sar\u00e0 quello di residenza del consumatore se trattasi di persona fisica. Qualora l\u2019acquirente sia una persona giuridica, le parti concordano che sar\u00e0 esclusivamente competente il Foro di Pisa.<\/p>\n<p>Facendo clic sul pulsante &#8220;Acquista ora&#8221; l\u2019utente approva specificamente, anche ai sensi dell\u2019art. 1341 e 1342 cod.civ., le clausole di cui ai nn. 2, 3, 5, 6, 7, 8, 9, 10, 11, 12 e 13 dei presenti \u201cTermini &amp; Condizioni d&#8217;uso\u201d.<\/p>\n","protected":false},"excerpt":{"rendered":"<p>Il partner contrattuale e utilizzatore di questi Termini e Condizioni \u00e8 Nicola Tanzini. Tel: E-Mail: shop@nicolatanzini.com I nostri termini e condizioni sono stati redatti per regolare il rapporto commerciale tra voi e noi e sono intesi come vincolanti ed equi. La base di qualsiasi ordine o contratto sar\u00e0 quindi sempre costituita dai presenti Termini e [&hellip;]<\/p>\n","protected":false},"author":1,"featured_media":0,"parent":0,"menu_order":0,"comment_status":"closed","ping_status":"closed","template":"","meta":[],"acf":[],"_links":{"self":[{"href":"https:\/\/nicola.intargetfactory.net\/nikblog\/it\/wp-json\/wp\/v2\/pages\/26490"}],"collection":[{"href":"https:\/\/nicola.intargetfactory.net\/nikblog\/it\/wp-json\/wp\/v2\/pages"}],"about":[{"href":"https:\/\/nicola.intargetfactory.net\/nikblog\/it\/wp-json\/wp\/v2\/types\/page"}],"author":[{"embeddable":true,"href":"https:\/\/nicola.intargetfactory.net\/nikblog\/it\/wp-json\/wp\/v2\/users\/1"}],"replies":[{"embeddable":true,"href":"https:\/\/nicola.intargetfactory.net\/nikblog\/it\/wp-json\/wp\/v2\/comments?post=26490"}],"version-history":[{"count":4,"href":"https:\/\/nicola.intargetfactory.net\/nikblog\/it\/wp-json\/wp\/v2\/pages\/26490\/revisions"}],"predecessor-version":[{"id":26685,"href":"https:\/\/nicola.intargetfactory.net\/nikblog\/it\/wp-json\/wp\/v2\/pages\/26490\/revisions\/26685"}],"wp:attachment":[{"href":"https:\/\/nicola.intargetfactory.net\/nikblog\/it\/wp-json\/wp\/v2\/media?parent=26490"}],"curies":[{"name":"wp","href":"https:\/\/api.w.org\/{rel}","templated":true}]}}