{"id":17237,"date":"2018-09-01T11:44:12","date_gmt":"2018-09-01T09:44:12","guid":{"rendered":"https:\/\/nicola.intargetfactory.net\/nikblog\/?page_id=17237"},"modified":"2023-06-06T11:47:09","modified_gmt":"2023-06-06T09:47:09","slug":"about","status":"publish","type":"page","link":"https:\/\/nicola.intargetfactory.net\/nikblog\/it\/about\/","title":{"rendered":"About"},"content":{"rendered":"<p><strong>Su di me.<\/strong><\/p>\n<p>Sono un imprenditore, un padre di famiglia e un appassionato di fotografia.<\/p>\n<p>Sono nato nel 1964 a Pisa, in Toscana. Ho scoperto la fotografia durante le vacanze estive dopo la maturit\u00e0, ed \u00e8 stata una scoperta folgorante. Nel corso degli anni ho sviluppato un rapporto stretto e profondo con essa, anche se \u00e8 stata una storia di amore-odio, come tutte le storie d&#8217;amore. Attraverso la fotografia ho migliorato la mia comprensione della natura umana.<\/p>\n<p>Il mio interesse \u00e8 rivolto ai comuni momenti quotidiani che mi permettono di spiegare le meraviglie della vita, che incontro giorno per giorno nel mio ambiente naturale: la strada.<\/p>\n<p>&nbsp;<\/p>\n<p><strong>Cosa c&#8217;\u00e8 nella mia borsa.<\/strong><\/p>\n<p>&#8220;Secondo me, il reportage fotografico ha bisogno di un occhio, un dito e due gambe&#8221;, sosteneva Henri Cartier-Bresson.<\/p>\n<p>Una prospettiva intensa che sento mia ma che ha bisogno della stessa leggerezza anche nell&#8217;attrezzatura della mia vita quotidiana. Si tratta della Leica M Monochrom con 35 mm Summicron f\/2, della mia inseparabile Moleskine su cui annoto idee e progetti, di 2 batterie e di un&#8217;abbondante quantit\u00e0 di schede di memoria. Quando esco con l&#8217;idea di scattare un ritratto, \u00e8 necessario l&#8217;altro riferimento ottico: l&#8217;APO-Summicron 90 f\/2 ASPH.<\/p>\n<p>La borsa da viaggio \u00e8 pi\u00f9 pesante perch\u00e9 ospita il secondo set di strumenti: una Leica M Type 240 con 35 mm Summilux f\/1,4 ASPH e il Mac per l&#8217;editing.<\/p>\n","protected":false},"excerpt":{"rendered":"<p>Su di me. Sono un imprenditore, un padre di famiglia e un appassionato di fotografia. Sono nato nel 1964 a Pisa, in Toscana. Ho scoperto la fotografia durante le vacanze estive dopo la maturit\u00e0, ed \u00e8 stata una scoperta folgorante. Nel corso degli anni ho sviluppato un rapporto stretto e profondo con essa, anche se [&hellip;]<\/p>\n","protected":false},"author":1,"featured_media":15756,"parent":0,"menu_order":0,"comment_status":"closed","ping_status":"closed","template":"template\/about.php","meta":[],"acf":[],"_links":{"self":[{"href":"https:\/\/nicola.intargetfactory.net\/nikblog\/it\/wp-json\/wp\/v2\/pages\/17237"}],"collection":[{"href":"https:\/\/nicola.intargetfactory.net\/nikblog\/it\/wp-json\/wp\/v2\/pages"}],"about":[{"href":"https:\/\/nicola.intargetfactory.net\/nikblog\/it\/wp-json\/wp\/v2\/types\/page"}],"author":[{"embeddable":true,"href":"https:\/\/nicola.intargetfactory.net\/nikblog\/it\/wp-json\/wp\/v2\/users\/1"}],"replies":[{"embeddable":true,"href":"https:\/\/nicola.intargetfactory.net\/nikblog\/it\/wp-json\/wp\/v2\/comments?post=17237"}],"version-history":[{"count":3,"href":"https:\/\/nicola.intargetfactory.net\/nikblog\/it\/wp-json\/wp\/v2\/pages\/17237\/revisions"}],"predecessor-version":[{"id":26586,"href":"https:\/\/nicola.intargetfactory.net\/nikblog\/it\/wp-json\/wp\/v2\/pages\/17237\/revisions\/26586"}],"wp:featuredmedia":[{"embeddable":true,"href":"https:\/\/nicola.intargetfactory.net\/nikblog\/it\/wp-json\/wp\/v2\/media\/15756"}],"wp:attachment":[{"href":"https:\/\/nicola.intargetfactory.net\/nikblog\/it\/wp-json\/wp\/v2\/media?parent=17237"}],"curies":[{"name":"wp","href":"https:\/\/api.w.org\/{rel}","templated":true}]}}